{"id":2,"date":"2025-05-20T03:54:47","date_gmt":"2025-05-20T03:54:47","guid":{"rendered":"https:\/\/tangchieucaokhoahoc.com\/?page_id=2"},"modified":"2025-05-20T09:34:59","modified_gmt":"2025-05-20T09:34:59","slug":"sample-page","status":"publish","type":"page","link":"https:\/\/tangchieucaokhoahoc.com\/index.php\/sample-page\/","title":{"rendered":"Gi\u1edbi thi\u1ec7u"},"content":{"rendered":"<div class=\"wp-block-image\">\n<figure class=\"aligncenter size-full\"><img loading=\"lazy\" decoding=\"async\" width=\"576\" height=\"278\" src=\"https:\/\/tangchieucaokhoahoc.com\/wp-content\/uploads\/2025\/05\/chao-mung-ghe-tham-phong-kham-nhi-hoa-mi.jpg\" alt=\"\" class=\"wp-image-26\" srcset=\"https:\/\/tangchieucaokhoahoc.com\/wp-content\/uploads\/2025\/05\/chao-mung-ghe-tham-phong-kham-nhi-hoa-mi.jpg 576w, https:\/\/tangchieucaokhoahoc.com\/wp-content\/uploads\/2025\/05\/chao-mung-ghe-tham-phong-kham-nhi-hoa-mi-300x145.jpg 300w\" sizes=\"auto, (max-width: 576px) 100vw, 576px\" \/><\/figure>\n<\/div>\n\n\n<p><\/p>\n\n\n\n<h3 class=\"wp-block-heading\">Gi\u1edbi thi\u1ec7u chung<\/h3>\n\n\n\n<p>Ph\u00f2ng Kh\u00e1m Nhi H\u1ecda Mi \u0111\u01b0\u1ee3c th\u00e0nh l\u1eadp v\u00e0 \u0111i\u1ec1u h\u00e0nh b\u1edfi Ti\u1ebfn s\u0129, B\u00e1c s\u0129 L\u00ea Th\u1ecb Thu H\u01b0\u01a1ng, ng\u01b0\u1eddi c\u00f3 h\u01a1n 20 n\u0103m kinh nghi\u1ec7m trong l\u0129nh v\u1ef1c nhi khoa, \u0111\u1eb7c bi\u1ec7t l\u00e0 \u0111i\u1ec1u tr\u1ecb hen ph\u1ebf qu\u1ea3n v\u00e0 d\u1ecb \u1ee9ng t\u1ea1i B\u1ec7nh vi\u1ec7n Nhi Trung \u01af\u01a1ng. \u0110\u1ed9i ng\u0169 y b\u00e1c s\u0129 t\u1ea1i \u0111\u00e2y \u0111\u1ec1u l\u00e0 nh\u1eefng chuy\u00ean gia h\u00e0ng \u0111\u1ea7u, \u0111ang c\u00f4ng t\u00e1c t\u1ea1i c\u00e1c b\u1ec7nh vi\u1ec7n l\u1edbn nh\u01b0 B\u1ec7nh vi\u1ec7n Nhi Trung \u01af\u01a1ng v\u00e0 B\u1ec7nh vi\u1ec7n \u0110\u1ea1i h\u1ecdc Y H\u00e0 N\u1ed9i <\/p>\n\n\n\n<hr class=\"wp-block-separator has-alpha-channel-opacity\"\/>\n\n\n\n<h3 class=\"wp-block-heading\">D\u1ecbch v\u1ee5 n\u1ed5i b\u1eadt<\/h3>\n\n\n\n<p>Ph\u00f2ng kh\u00e1m cung c\u1ea5p \u0111a d\u1ea1ng c\u00e1c d\u1ecbch v\u1ee5 ch\u0103m s\u00f3c s\u1ee9c kh\u1ecfe cho tr\u1ebb em, bao g\u1ed3m:<\/p>\n\n\n\n<ul class=\"wp-block-list\">\n<li>Kh\u00e1m nhi t\u1ed5ng qu\u00e1t v\u00e0 \u0111\u1ecbnh k\u1ef3.<\/li>\n\n\n\n<li>T\u01b0 v\u1ea5n v\u00e0 \u0111i\u1ec1u tr\u1ecb hen ph\u1ebf qu\u1ea3n, ho kh\u00f2 kh\u00e8.<\/li>\n\n\n\n<li>T\u01b0 v\u1ea5n v\u00e0 \u0111i\u1ec1u tr\u1ecb d\u1ecb \u1ee9ng s\u1eefa, d\u1ecb \u1ee9ng th\u1ee9c \u0103n.<\/li>\n\n\n\n<li>T\u01b0 v\u1ea5n dinh d\u01b0\u1ee1ng cho tr\u1ebb.<\/li>\n\n\n\n<li>\u0110i\u1ec1u tr\u1ecb vi\u00eam da c\u01a1 \u0111\u1ecba, vi\u00eam m\u0169i d\u1ecb \u1ee9ng.<\/li>\n\n\n\n<li>T\u01b0 v\u1ea5n v\u00e0 \u0111i\u1ec1u tr\u1ecb c\u00e1c b\u1ec7nh l\u00fd tim m\u1ea1ch \u1edf tr\u1ebb em <\/li>\n<\/ul>\n\n\n\n<hr class=\"wp-block-separator has-alpha-channel-opacity\"\/>\n\n\n\n<h3 class=\"wp-block-heading\">Th\u1eddi gian l\u00e0m vi\u1ec7c<\/h3>\n\n\n\n<ul class=\"wp-block-list\">\n<li><strong>Th\u1ee9 2 &#8211; Th\u1ee9 6<\/strong>: S\u00e1ng 8:00 &#8211; 9:30 | Chi\u1ec1u 18:00 &#8211; 20:00<\/li>\n\n\n\n<li><strong>Th\u1ee9 7 &#8211; Ch\u1ee7 nh\u1eadt<\/strong>: S\u00e1ng 8:00 &#8211; 11:00 <\/li>\n<\/ul>\n\n\n\n<hr class=\"wp-block-separator has-alpha-channel-opacity\"\/>\n\n\n\n<h3 class=\"wp-block-heading\">V\u00ec sao n\u00ean ch\u1ecdn Ph\u00f2ng Kh\u00e1m Nhi H\u1ecda Mi?<\/h3>\n\n\n\n<ul class=\"wp-block-list\">\n<li><strong>Chuy\u00ean m\u00f4n cao<\/strong>: \u0110\u1ed9i ng\u0169 b\u00e1c s\u0129 l\u00e0 c\u00e1c chuy\u00ean gia \u0111\u1ea7u ng\u00e0nh trong l\u0129nh v\u1ef1c nhi khoa.<\/li>\n\n\n\n<li><strong>Chuy\u00ean s\u00e2u<\/strong>: T\u1eadp trung v\u00e0o \u0111i\u1ec1u tr\u1ecb hen ph\u1ebf qu\u1ea3n v\u00e0 d\u1ecb \u1ee9ng nhi khoa, gi\u00fap tr\u1ebb nh\u1eadn \u0111\u01b0\u1ee3c s\u1ef1 ch\u0103m s\u00f3c chuy\u00ean bi\u1ec7t.<\/li>\n\n\n\n<li><strong>C\u01a1 s\u1edf v\u1eadt ch\u1ea5t hi\u1ec7n \u0111\u1ea1i<\/strong>: Trang thi\u1ebft b\u1ecb ti\u00ean ti\u1ebfn, \u0111\u1ea3m b\u1ea3o ch\u1ea5t l\u01b0\u1ee3ng kh\u00e1m ch\u1eefa b\u1ec7nh.<\/li>\n\n\n\n<li><strong>D\u1ecbch v\u1ee5 t\u1eadn t\u00e2m<\/strong>: Ph\u00f2ng kh\u00e1m lu\u00f4n \u0111\u1eb7t l\u1ee3i \u00edch v\u00e0 s\u1ee9c kh\u1ecfe c\u1ee7a tr\u1ebb l\u00ean h\u00e0ng \u0111\u1ea7u, v\u1edbi s\u1ef1 t\u01b0 v\u1ea5n t\u1eadn t\u00ecnh v\u00e0 chu \u0111\u00e1o<\/li>\n<\/ul>\n\n\n\n<hr class=\"wp-block-separator has-alpha-channel-opacity\"\/>\n\n\n\n<p>N\u1ebfu b\u1ea1n \u0111ang t\u00ecm ki\u1ebfm m\u1ed9t \u0111\u1ecba ch\u1ec9 tin c\u1eady \u0111\u1ec3 ch\u0103m s\u00f3c s\u1ee9c kh\u1ecfe cho con em m\u00ecnh, <strong>Ph\u00f2ng Kh\u00e1m Nhi H\u1ecda Mi<\/strong> l\u00e0 l\u1ef1a ch\u1ecdn \u0111\u00e1ng c\u00e2n nh\u1eafc. H\u00e3y li\u00ean h\u1ec7 \u0111\u1ec3 \u0111\u01b0\u1ee3c t\u01b0 v\u1ea5n v\u00e0 \u0111\u1eb7t l\u1ecbch kh\u00e1m s\u1edbm nh\u1ea5t!<\/p>\n","protected":false},"excerpt":{"rendered":"<p>Gi\u1edbi thi\u1ec7u chung Ph\u00f2ng Kh\u00e1m Nhi H\u1ecda Mi \u0111\u01b0\u1ee3c th\u00e0nh l\u1eadp v\u00e0 \u0111i\u1ec1u h\u00e0nh b\u1edfi Ti\u1ebfn s\u0129, B\u00e1c s\u0129 L\u00ea Th\u1ecb Thu H\u01b0\u01a1ng, ng\u01b0\u1eddi c\u00f3 h\u01a1n 20 n\u0103m kinh nghi\u1ec7m trong l\u0129nh v\u1ef1c nhi khoa, \u0111\u1eb7c bi\u1ec7t l\u00e0 \u0111i\u1ec1u tr\u1ecb hen ph\u1ebf qu\u1ea3n v\u00e0 d\u1ecb \u1ee9ng t\u1ea1i B\u1ec7nh vi\u1ec7n Nhi Trung \u01af\u01a1ng. \u0110\u1ed9i ng\u0169 y [&hellip;]<\/p>\n","protected":false},"author":1,"featured_media":0,"parent":0,"menu_order":0,"comment_status":"closed","ping_status":"open","template":"","meta":{"footnotes":""},"class_list":["post-2","page","type-page","status-publish","hentry"],"_links":{"self":[{"href":"https:\/\/tangchieucaokhoahoc.com\/index.php\/wp-json\/wp\/v2\/pages\/2","targetHints":{"allow":["GET"]}}],"collection":[{"href":"https:\/\/tangchieucaokhoahoc.com\/index.php\/wp-json\/wp\/v2\/pages"}],"about":[{"href":"https:\/\/tangchieucaokhoahoc.com\/index.php\/wp-json\/wp\/v2\/types\/page"}],"author":[{"embeddable":true,"href":"https:\/\/tangchieucaokhoahoc.com\/index.php\/wp-json\/wp\/v2\/users\/1"}],"replies":[{"embeddable":true,"href":"https:\/\/tangchieucaokhoahoc.com\/index.php\/wp-json\/wp\/v2\/comments?post=2"}],"version-history":[{"count":4,"href":"https:\/\/tangchieucaokhoahoc.com\/index.php\/wp-json\/wp\/v2\/pages\/2\/revisions"}],"predecessor-version":[{"id":37,"href":"https:\/\/tangchieucaokhoahoc.com\/index.php\/wp-json\/wp\/v2\/pages\/2\/revisions\/37"}],"wp:attachment":[{"href":"https:\/\/tangchieucaokhoahoc.com\/index.php\/wp-json\/wp\/v2\/media?parent=2"}],"curies":[{"name":"wp","href":"https:\/\/api.w.org\/{rel}","templated":true}]}}